{"id":7560,"date":"2025-03-30T09:13:57","date_gmt":"2025-03-30T07:13:57","guid":{"rendered":"https:\/\/charlinerobache.com\/?post_type=product&#038;p=7560"},"modified":"2025-03-30T09:13:57","modified_gmt":"2025-03-30T07:13:57","slug":"miroir-1","status":"publish","type":"product","link":"https:\/\/charlinerobache.com\/index.php\/produit\/miroir-1\/","title":{"rendered":"miroir #1"},"content":{"rendered":"<p>les envois se font par Mondial Relay, vous pouvez m\u2019indiquer votre point relais pr\u00e9f\u00e9r\u00e9 en commentaire \u00e0 la validation du panier. sinon je choisirai automatiquement le plus proche de votre adresse postale.<\/p>\n","protected":false},"excerpt":{"rendered":"<p>miroir rond en gr\u00e8s beige chamott\u00e9, anse d&rsquo;accroche, aux \u00e9maux bleu, vert, rose, beige et orange.<\/p>\n<p>pi\u00e8ce unique, diam\u00e8tre 22cm.<\/p>\n","protected":false},"featured_media":7487,"template":"","meta":{"_monsterinsights_skip_tracking":false,"_monsterinsights_sitenote_active":false,"_monsterinsights_sitenote_note":"","_monsterinsights_sitenote_category":0},"product_brand":[],"product_cat":[16],"product_tag":[],"class_list":{"0":"post-7560","1":"product","2":"type-product","3":"status-publish","4":"has-post-thumbnail","6":"product_cat-charline-robache","8":"first","9":"instock","10":"shipping-taxable","11":"purchasable","12":"product-type-simple"},"yoast_head":"<!-- This site is optimized with the Yoast SEO plugin v27.3 - https:\/\/yoast.com\/product\/yoast-seo-wordpress\/ -->\n<title>miroir #1 -<\/title>\n<meta name=\"robots\" content=\"index, follow, max-snippet:-1, max-image-preview:large, max-video-preview:-1\" \/>\n<link rel=\"canonical\" href=\"https:\/\/charlinerobache.com\/index.php\/produit\/miroir-1\/\" \/>\n<meta property=\"og:locale\" content=\"fr_FR\" \/>\n<meta property=\"og:type\" content=\"article\" \/>\n<meta property=\"og:title\" content=\"miroir #1 -\" \/>\n<meta property=\"og:description\" content=\"miroir rond en gr\u00e8s beige chamott\u00e9, anse d&#039;accroche, aux \u00e9maux bleu, vert, rose, beige et orange.  pi\u00e8ce unique, diam\u00e8tre 22cm.\" \/>\n<meta property=\"og:url\" content=\"https:\/\/charlinerobache.com\/index.php\/produit\/miroir-1\/\" \/>\n<meta property=\"article:publisher\" content=\"https:\/\/www.facebook.com\/Charline-Robache-101303847982910\/\" \/>\n<meta property=\"og:image\" content=\"https:\/\/charlinerobache.com\/wp-content\/uploads\/2025\/03\/7D4E69FC-8E7A-46D9-964E-B1EEC0A36983_1_201_a-scaled.jpeg\" \/>\n\t<meta property=\"og:image:width\" content=\"2048\" \/>\n\t<meta property=\"og:image:height\" content=\"2560\" \/>\n\t<meta property=\"og:image:type\" content=\"image\/jpeg\" \/>\n<meta name=\"twitter:card\" content=\"summary_large_image\" \/>\n<meta name=\"twitter:label1\" content=\"Dur\u00e9e de lecture estim\u00e9e\" \/>\n\t<meta name=\"twitter:data1\" content=\"1 minute\" \/>\n<script type=\"application\/ld+json\" class=\"yoast-schema-graph\">{\"@context\":\"https:\\\/\\\/schema.org\",\"@graph\":[{\"@type\":\"WebPage\",\"@id\":\"https:\\\/\\\/charlinerobache.com\\\/index.php\\\/produit\\\/miroir-1\\\/\",\"url\":\"https:\\\/\\\/charlinerobache.com\\\/index.php\\\/produit\\\/miroir-1\\\/\",\"name\":\"miroir #1 -\",\"isPartOf\":{\"@id\":\"https:\\\/\\\/charlinerobache.com\\\/#website\"},\"primaryImageOfPage\":{\"@id\":\"https:\\\/\\\/charlinerobache.com\\\/index.php\\\/produit\\\/miroir-1\\\/#primaryimage\"},\"image\":{\"@id\":\"https:\\\/\\\/charlinerobache.com\\\/index.php\\\/produit\\\/miroir-1\\\/#primaryimage\"},\"thumbnailUrl\":\"https:\\\/\\\/charlinerobache.com\\\/wp-content\\\/uploads\\\/2025\\\/03\\\/7D4E69FC-8E7A-46D9-964E-B1EEC0A36983_1_201_a-scaled.jpeg\",\"datePublished\":\"2025-03-30T07:13:57+00:00\",\"breadcrumb\":{\"@id\":\"https:\\\/\\\/charlinerobache.com\\\/index.php\\\/produit\\\/miroir-1\\\/#breadcrumb\"},\"inLanguage\":\"fr-FR\",\"potentialAction\":[{\"@type\":\"ReadAction\",\"target\":[\"https:\\\/\\\/charlinerobache.com\\\/index.php\\\/produit\\\/miroir-1\\\/\"]}]},{\"@type\":\"ImageObject\",\"inLanguage\":\"fr-FR\",\"@id\":\"https:\\\/\\\/charlinerobache.com\\\/index.php\\\/produit\\\/miroir-1\\\/#primaryimage\",\"url\":\"https:\\\/\\\/charlinerobache.com\\\/wp-content\\\/uploads\\\/2025\\\/03\\\/7D4E69FC-8E7A-46D9-964E-B1EEC0A36983_1_201_a-scaled.jpeg\",\"contentUrl\":\"https:\\\/\\\/charlinerobache.com\\\/wp-content\\\/uploads\\\/2025\\\/03\\\/7D4E69FC-8E7A-46D9-964E-B1EEC0A36983_1_201_a-scaled.jpeg\",\"width\":2048,\"height\":2560},{\"@type\":\"BreadcrumbList\",\"@id\":\"https:\\\/\\\/charlinerobache.com\\\/index.php\\\/produit\\\/miroir-1\\\/#breadcrumb\",\"itemListElement\":[{\"@type\":\"ListItem\",\"position\":1,\"name\":\"Accueil\",\"item\":\"https:\\\/\\\/charlinerobache.com\\\/\"},{\"@type\":\"ListItem\",\"position\":2,\"name\":\"Boutique\",\"item\":\"https:\\\/\\\/charlinerobache.com\\\/index.php\\\/boutique\\\/\"},{\"@type\":\"ListItem\",\"position\":3,\"name\":\"miroir #1\"}]},{\"@type\":\"WebSite\",\"@id\":\"https:\\\/\\\/charlinerobache.com\\\/#website\",\"url\":\"https:\\\/\\\/charlinerobache.com\\\/\",\"name\":\"\",\"description\":\"\",\"potentialAction\":[{\"@type\":\"SearchAction\",\"target\":{\"@type\":\"EntryPoint\",\"urlTemplate\":\"https:\\\/\\\/charlinerobache.com\\\/?s={search_term_string}\"},\"query-input\":{\"@type\":\"PropertyValueSpecification\",\"valueRequired\":true,\"valueName\":\"search_term_string\"}}],\"inLanguage\":\"fr-FR\"}]}<\/script>\n<!-- \/ Yoast SEO plugin. -->","yoast_head_json":{"title":"miroir #1 -","robots":{"index":"index","follow":"follow","max-snippet":"max-snippet:-1","max-image-preview":"max-image-preview:large","max-video-preview":"max-video-preview:-1"},"canonical":"https:\/\/charlinerobache.com\/index.php\/produit\/miroir-1\/","og_locale":"fr_FR","og_type":"article","og_title":"miroir #1 -","og_description":"miroir rond en gr\u00e8s beige chamott\u00e9, anse d'accroche, aux \u00e9maux bleu, vert, rose, beige et orange.  pi\u00e8ce unique, diam\u00e8tre 22cm.","og_url":"https:\/\/charlinerobache.com\/index.php\/produit\/miroir-1\/","article_publisher":"https:\/\/www.facebook.com\/Charline-Robache-101303847982910\/","og_image":[{"width":2048,"height":2560,"url":"https:\/\/charlinerobache.com\/wp-content\/uploads\/2025\/03\/7D4E69FC-8E7A-46D9-964E-B1EEC0A36983_1_201_a-scaled.jpeg","type":"image\/jpeg"}],"twitter_card":"summary_large_image","twitter_misc":{"Dur\u00e9e de lecture estim\u00e9e":"1 minute"},"schema":{"@context":"https:\/\/schema.org","@graph":[{"@type":"WebPage","@id":"https:\/\/charlinerobache.com\/index.php\/produit\/miroir-1\/","url":"https:\/\/charlinerobache.com\/index.php\/produit\/miroir-1\/","name":"miroir #1 -","isPartOf":{"@id":"https:\/\/charlinerobache.com\/#website"},"primaryImageOfPage":{"@id":"https:\/\/charlinerobache.com\/index.php\/produit\/miroir-1\/#primaryimage"},"image":{"@id":"https:\/\/charlinerobache.com\/index.php\/produit\/miroir-1\/#primaryimage"},"thumbnailUrl":"https:\/\/charlinerobache.com\/wp-content\/uploads\/2025\/03\/7D4E69FC-8E7A-46D9-964E-B1EEC0A36983_1_201_a-scaled.jpeg","datePublished":"2025-03-30T07:13:57+00:00","breadcrumb":{"@id":"https:\/\/charlinerobache.com\/index.php\/produit\/miroir-1\/#breadcrumb"},"inLanguage":"fr-FR","potentialAction":[{"@type":"ReadAction","target":["https:\/\/charlinerobache.com\/index.php\/produit\/miroir-1\/"]}]},{"@type":"ImageObject","inLanguage":"fr-FR","@id":"https:\/\/charlinerobache.com\/index.php\/produit\/miroir-1\/#primaryimage","url":"https:\/\/charlinerobache.com\/wp-content\/uploads\/2025\/03\/7D4E69FC-8E7A-46D9-964E-B1EEC0A36983_1_201_a-scaled.jpeg","contentUrl":"https:\/\/charlinerobache.com\/wp-content\/uploads\/2025\/03\/7D4E69FC-8E7A-46D9-964E-B1EEC0A36983_1_201_a-scaled.jpeg","width":2048,"height":2560},{"@type":"BreadcrumbList","@id":"https:\/\/charlinerobache.com\/index.php\/produit\/miroir-1\/#breadcrumb","itemListElement":[{"@type":"ListItem","position":1,"name":"Accueil","item":"https:\/\/charlinerobache.com\/"},{"@type":"ListItem","position":2,"name":"Boutique","item":"https:\/\/charlinerobache.com\/index.php\/boutique\/"},{"@type":"ListItem","position":3,"name":"miroir #1"}]},{"@type":"WebSite","@id":"https:\/\/charlinerobache.com\/#website","url":"https:\/\/charlinerobache.com\/","name":"","description":"","potentialAction":[{"@type":"SearchAction","target":{"@type":"EntryPoint","urlTemplate":"https:\/\/charlinerobache.com\/?s={search_term_string}"},"query-input":{"@type":"PropertyValueSpecification","valueRequired":true,"valueName":"search_term_string"}}],"inLanguage":"fr-FR"}]}},"jetpack_sharing_enabled":true,"_links":{"self":[{"href":"https:\/\/charlinerobache.com\/index.php\/wp-json\/wp\/v2\/product\/7560","targetHints":{"allow":["GET"]}}],"collection":[{"href":"https:\/\/charlinerobache.com\/index.php\/wp-json\/wp\/v2\/product"}],"about":[{"href":"https:\/\/charlinerobache.com\/index.php\/wp-json\/wp\/v2\/types\/product"}],"version-history":[{"count":1,"href":"https:\/\/charlinerobache.com\/index.php\/wp-json\/wp\/v2\/product\/7560\/revisions"}],"predecessor-version":[{"id":7561,"href":"https:\/\/charlinerobache.com\/index.php\/wp-json\/wp\/v2\/product\/7560\/revisions\/7561"}],"wp:featuredmedia":[{"embeddable":true,"href":"https:\/\/charlinerobache.com\/index.php\/wp-json\/wp\/v2\/media\/7487"}],"wp:attachment":[{"href":"https:\/\/charlinerobache.com\/index.php\/wp-json\/wp\/v2\/media?parent=7560"}],"wp:term":[{"taxonomy":"product_brand","embeddable":true,"href":"https:\/\/charlinerobache.com\/index.php\/wp-json\/wp\/v2\/product_brand?post=7560"},{"taxonomy":"product_cat","embeddable":true,"href":"https:\/\/charlinerobache.com\/index.php\/wp-json\/wp\/v2\/product_cat?post=7560"},{"taxonomy":"product_tag","embeddable":true,"href":"https:\/\/charlinerobache.com\/index.php\/wp-json\/wp\/v2\/product_tag?post=7560"}],"curies":[{"name":"wp","href":"https:\/\/api.w.org\/{rel}","templated":true}]}}