{"id":7467,"date":"2025-03-29T07:30:07","date_gmt":"2025-03-29T06:30:07","guid":{"rendered":"https:\/\/charlinerobache.com\/?post_type=product&#038;p=7467"},"modified":"2026-03-17T16:44:31","modified_gmt":"2026-03-17T15:44:31","slug":"bol-3","status":"publish","type":"product","link":"https:\/\/charlinerobache.com\/index.php\/produit\/bol-3\/","title":{"rendered":"bol"},"content":{"rendered":"<p>les envois se font par Mondial Relay, vous pouvez m\u2019indiquer votre point relais pr\u00e9f\u00e9r\u00e9 en commentaire \u00e0 la validation du panier. sinon je choisirai automatiquement le plus proche de votre adresse postale.<\/p>\n","protected":false},"excerpt":{"rendered":"<p>Bol en gr\u00e8s recycl\u00e9, engobe, \u00e9mail satin\u00e9 et d\u00e9cor au cobalt.<\/p>\n<p>Chaque pi\u00e8ce est unique et varie l\u00e9g\u00e8rement de la pi\u00e8ce photographi\u00e9e.<\/p>\n<p>Mesures approximatives: \u00f817cm h7cm.<\/p>\n","protected":false},"featured_media":7693,"template":"","meta":{"_monsterinsights_skip_tracking":false,"_monsterinsights_sitenote_active":false,"_monsterinsights_sitenote_note":"","_monsterinsights_sitenote_category":0},"product_brand":[],"product_cat":[16],"product_tag":[],"class_list":{"0":"post-7467","1":"product","2":"type-product","3":"status-publish","4":"has-post-thumbnail","6":"product_cat-charline-robache","8":"first","9":"instock","10":"shipping-taxable","11":"purchasable","12":"product-type-simple"},"yoast_head":"<!-- This site is optimized with the Yoast SEO plugin v27.3 - https:\/\/yoast.com\/product\/yoast-seo-wordpress\/ -->\n<title>bol -<\/title>\n<meta name=\"robots\" content=\"index, follow, max-snippet:-1, max-image-preview:large, max-video-preview:-1\" \/>\n<link rel=\"canonical\" href=\"https:\/\/charlinerobache.com\/index.php\/produit\/bol-3\/\" \/>\n<meta property=\"og:locale\" content=\"fr_FR\" \/>\n<meta property=\"og:type\" content=\"article\" \/>\n<meta property=\"og:title\" content=\"bol -\" \/>\n<meta property=\"og:description\" content=\"Bol en gr\u00e8s recycl\u00e9, engobe, \u00e9mail satin\u00e9 et d\u00e9cor au cobalt.  Chaque pi\u00e8ce est unique et varie l\u00e9g\u00e8rement de la pi\u00e8ce photographi\u00e9e.  Mesures approximatives: \u00f817cm h7cm.\" \/>\n<meta property=\"og:url\" content=\"https:\/\/charlinerobache.com\/index.php\/produit\/bol-3\/\" \/>\n<meta property=\"article:publisher\" content=\"https:\/\/www.facebook.com\/Charline-Robache-101303847982910\/\" \/>\n<meta property=\"article:modified_time\" content=\"2026-03-17T15:44:31+00:00\" \/>\n<meta property=\"og:image\" content=\"https:\/\/charlinerobache.com\/wp-content\/uploads\/2026\/03\/742439BE-B266-45AB-AE5C-0E743312D54B_1_201_a-scaled.jpeg\" \/>\n\t<meta property=\"og:image:width\" content=\"2048\" \/>\n\t<meta property=\"og:image:height\" content=\"2560\" \/>\n\t<meta property=\"og:image:type\" content=\"image\/jpeg\" \/>\n<meta name=\"twitter:card\" content=\"summary_large_image\" \/>\n<meta name=\"twitter:label1\" content=\"Dur\u00e9e de lecture estim\u00e9e\" \/>\n\t<meta name=\"twitter:data1\" content=\"1 minute\" \/>\n<script type=\"application\/ld+json\" class=\"yoast-schema-graph\">{\"@context\":\"https:\\\/\\\/schema.org\",\"@graph\":[{\"@type\":\"WebPage\",\"@id\":\"https:\\\/\\\/charlinerobache.com\\\/index.php\\\/produit\\\/bol-3\\\/\",\"url\":\"https:\\\/\\\/charlinerobache.com\\\/index.php\\\/produit\\\/bol-3\\\/\",\"name\":\"bol -\",\"isPartOf\":{\"@id\":\"https:\\\/\\\/charlinerobache.com\\\/#website\"},\"primaryImageOfPage\":{\"@id\":\"https:\\\/\\\/charlinerobache.com\\\/index.php\\\/produit\\\/bol-3\\\/#primaryimage\"},\"image\":{\"@id\":\"https:\\\/\\\/charlinerobache.com\\\/index.php\\\/produit\\\/bol-3\\\/#primaryimage\"},\"thumbnailUrl\":\"https:\\\/\\\/charlinerobache.com\\\/wp-content\\\/uploads\\\/2026\\\/03\\\/742439BE-B266-45AB-AE5C-0E743312D54B_1_201_a-scaled.jpeg\",\"datePublished\":\"2025-03-29T06:30:07+00:00\",\"dateModified\":\"2026-03-17T15:44:31+00:00\",\"breadcrumb\":{\"@id\":\"https:\\\/\\\/charlinerobache.com\\\/index.php\\\/produit\\\/bol-3\\\/#breadcrumb\"},\"inLanguage\":\"fr-FR\",\"potentialAction\":[{\"@type\":\"ReadAction\",\"target\":[\"https:\\\/\\\/charlinerobache.com\\\/index.php\\\/produit\\\/bol-3\\\/\"]}]},{\"@type\":\"ImageObject\",\"inLanguage\":\"fr-FR\",\"@id\":\"https:\\\/\\\/charlinerobache.com\\\/index.php\\\/produit\\\/bol-3\\\/#primaryimage\",\"url\":\"https:\\\/\\\/charlinerobache.com\\\/wp-content\\\/uploads\\\/2026\\\/03\\\/742439BE-B266-45AB-AE5C-0E743312D54B_1_201_a-scaled.jpeg\",\"contentUrl\":\"https:\\\/\\\/charlinerobache.com\\\/wp-content\\\/uploads\\\/2026\\\/03\\\/742439BE-B266-45AB-AE5C-0E743312D54B_1_201_a-scaled.jpeg\",\"width\":2048,\"height\":2560},{\"@type\":\"BreadcrumbList\",\"@id\":\"https:\\\/\\\/charlinerobache.com\\\/index.php\\\/produit\\\/bol-3\\\/#breadcrumb\",\"itemListElement\":[{\"@type\":\"ListItem\",\"position\":1,\"name\":\"Accueil\",\"item\":\"https:\\\/\\\/charlinerobache.com\\\/\"},{\"@type\":\"ListItem\",\"position\":2,\"name\":\"Boutique\",\"item\":\"https:\\\/\\\/charlinerobache.com\\\/index.php\\\/boutique\\\/\"},{\"@type\":\"ListItem\",\"position\":3,\"name\":\"bol\"}]},{\"@type\":\"WebSite\",\"@id\":\"https:\\\/\\\/charlinerobache.com\\\/#website\",\"url\":\"https:\\\/\\\/charlinerobache.com\\\/\",\"name\":\"\",\"description\":\"\",\"potentialAction\":[{\"@type\":\"SearchAction\",\"target\":{\"@type\":\"EntryPoint\",\"urlTemplate\":\"https:\\\/\\\/charlinerobache.com\\\/?s={search_term_string}\"},\"query-input\":{\"@type\":\"PropertyValueSpecification\",\"valueRequired\":true,\"valueName\":\"search_term_string\"}}],\"inLanguage\":\"fr-FR\"}]}<\/script>\n<!-- \/ Yoast SEO plugin. -->","yoast_head_json":{"title":"bol -","robots":{"index":"index","follow":"follow","max-snippet":"max-snippet:-1","max-image-preview":"max-image-preview:large","max-video-preview":"max-video-preview:-1"},"canonical":"https:\/\/charlinerobache.com\/index.php\/produit\/bol-3\/","og_locale":"fr_FR","og_type":"article","og_title":"bol -","og_description":"Bol en gr\u00e8s recycl\u00e9, engobe, \u00e9mail satin\u00e9 et d\u00e9cor au cobalt.  Chaque pi\u00e8ce est unique et varie l\u00e9g\u00e8rement de la pi\u00e8ce photographi\u00e9e.  Mesures approximatives: \u00f817cm h7cm.","og_url":"https:\/\/charlinerobache.com\/index.php\/produit\/bol-3\/","article_publisher":"https:\/\/www.facebook.com\/Charline-Robache-101303847982910\/","article_modified_time":"2026-03-17T15:44:31+00:00","og_image":[{"width":2048,"height":2560,"url":"https:\/\/charlinerobache.com\/wp-content\/uploads\/2026\/03\/742439BE-B266-45AB-AE5C-0E743312D54B_1_201_a-scaled.jpeg","type":"image\/jpeg"}],"twitter_card":"summary_large_image","twitter_misc":{"Dur\u00e9e de lecture estim\u00e9e":"1 minute"},"schema":{"@context":"https:\/\/schema.org","@graph":[{"@type":"WebPage","@id":"https:\/\/charlinerobache.com\/index.php\/produit\/bol-3\/","url":"https:\/\/charlinerobache.com\/index.php\/produit\/bol-3\/","name":"bol -","isPartOf":{"@id":"https:\/\/charlinerobache.com\/#website"},"primaryImageOfPage":{"@id":"https:\/\/charlinerobache.com\/index.php\/produit\/bol-3\/#primaryimage"},"image":{"@id":"https:\/\/charlinerobache.com\/index.php\/produit\/bol-3\/#primaryimage"},"thumbnailUrl":"https:\/\/charlinerobache.com\/wp-content\/uploads\/2026\/03\/742439BE-B266-45AB-AE5C-0E743312D54B_1_201_a-scaled.jpeg","datePublished":"2025-03-29T06:30:07+00:00","dateModified":"2026-03-17T15:44:31+00:00","breadcrumb":{"@id":"https:\/\/charlinerobache.com\/index.php\/produit\/bol-3\/#breadcrumb"},"inLanguage":"fr-FR","potentialAction":[{"@type":"ReadAction","target":["https:\/\/charlinerobache.com\/index.php\/produit\/bol-3\/"]}]},{"@type":"ImageObject","inLanguage":"fr-FR","@id":"https:\/\/charlinerobache.com\/index.php\/produit\/bol-3\/#primaryimage","url":"https:\/\/charlinerobache.com\/wp-content\/uploads\/2026\/03\/742439BE-B266-45AB-AE5C-0E743312D54B_1_201_a-scaled.jpeg","contentUrl":"https:\/\/charlinerobache.com\/wp-content\/uploads\/2026\/03\/742439BE-B266-45AB-AE5C-0E743312D54B_1_201_a-scaled.jpeg","width":2048,"height":2560},{"@type":"BreadcrumbList","@id":"https:\/\/charlinerobache.com\/index.php\/produit\/bol-3\/#breadcrumb","itemListElement":[{"@type":"ListItem","position":1,"name":"Accueil","item":"https:\/\/charlinerobache.com\/"},{"@type":"ListItem","position":2,"name":"Boutique","item":"https:\/\/charlinerobache.com\/index.php\/boutique\/"},{"@type":"ListItem","position":3,"name":"bol"}]},{"@type":"WebSite","@id":"https:\/\/charlinerobache.com\/#website","url":"https:\/\/charlinerobache.com\/","name":"","description":"","potentialAction":[{"@type":"SearchAction","target":{"@type":"EntryPoint","urlTemplate":"https:\/\/charlinerobache.com\/?s={search_term_string}"},"query-input":{"@type":"PropertyValueSpecification","valueRequired":true,"valueName":"search_term_string"}}],"inLanguage":"fr-FR"}]}},"jetpack_sharing_enabled":true,"_links":{"self":[{"href":"https:\/\/charlinerobache.com\/index.php\/wp-json\/wp\/v2\/product\/7467","targetHints":{"allow":["GET"]}}],"collection":[{"href":"https:\/\/charlinerobache.com\/index.php\/wp-json\/wp\/v2\/product"}],"about":[{"href":"https:\/\/charlinerobache.com\/index.php\/wp-json\/wp\/v2\/types\/product"}],"version-history":[{"count":3,"href":"https:\/\/charlinerobache.com\/index.php\/wp-json\/wp\/v2\/product\/7467\/revisions"}],"predecessor-version":[{"id":7731,"href":"https:\/\/charlinerobache.com\/index.php\/wp-json\/wp\/v2\/product\/7467\/revisions\/7731"}],"wp:featuredmedia":[{"embeddable":true,"href":"https:\/\/charlinerobache.com\/index.php\/wp-json\/wp\/v2\/media\/7693"}],"wp:attachment":[{"href":"https:\/\/charlinerobache.com\/index.php\/wp-json\/wp\/v2\/media?parent=7467"}],"wp:term":[{"taxonomy":"product_brand","embeddable":true,"href":"https:\/\/charlinerobache.com\/index.php\/wp-json\/wp\/v2\/product_brand?post=7467"},{"taxonomy":"product_cat","embeddable":true,"href":"https:\/\/charlinerobache.com\/index.php\/wp-json\/wp\/v2\/product_cat?post=7467"},{"taxonomy":"product_tag","embeddable":true,"href":"https:\/\/charlinerobache.com\/index.php\/wp-json\/wp\/v2\/product_tag?post=7467"}],"curies":[{"name":"wp","href":"https:\/\/api.w.org\/{rel}","templated":true}]}}