{"id":5705,"date":"2022-10-24T07:26:49","date_gmt":"2022-10-24T05:26:49","guid":{"rendered":"https:\/\/charlinerobache.com\/?post_type=product&#038;p=5705"},"modified":"2026-03-17T12:18:29","modified_gmt":"2026-03-17T11:18:29","slug":"pot-a-lacto-fermentation","status":"publish","type":"product","link":"https:\/\/charlinerobache.com\/index.php\/produit\/pot-a-lacto-fermentation\/","title":{"rendered":"pot \u00e0 lacto-fermentation"},"content":{"rendered":"<blockquote><p>Les envois se font par Mondial Relay. Merci de m\u2019indiquer en commentaire, \u00e0 la validation du panier, le point relais de ton choix. A d\u00e9faut je choisirai le plus proche de ton adresse postale.<\/p><\/blockquote>\n","protected":false},"excerpt":{"rendered":"<p>pot \u00e0 lacto-fermentation avec joint d\u2019eau en gr\u00e8s de St Amand, \u00e9mail rose et bleu \u00e0 l\u2019ext\u00e9rieur, couverte transparente \u00e0 l\u2019int\u00e9rieur.<\/p>\n<p>vendu avec des poids\/galets en terre (deux demies sph\u00e8res).<\/p>\n<p>mesures approximatives: hauteur 18cm, diam\u00e8tre 15cm, capacit\u00e9 1,8L.<br \/>\n(ces mesures peuvent varier l\u00e9g\u00e8rement d\u2019une pi\u00e8ce \u00e0 l\u2019autre).<\/p>\n","protected":false},"featured_media":7719,"template":"","meta":{"_monsterinsights_skip_tracking":false,"_monsterinsights_sitenote_active":false,"_monsterinsights_sitenote_note":"","_monsterinsights_sitenote_category":0},"product_brand":[],"product_cat":[16],"product_tag":[],"class_list":{"0":"post-5705","1":"product","2":"type-product","3":"status-publish","4":"has-post-thumbnail","6":"product_cat-charline-robache","8":"first","9":"instock","10":"shipping-taxable","11":"purchasable","12":"product-type-simple"},"yoast_head":"<!-- This site is optimized with the Yoast SEO plugin v27.3 - https:\/\/yoast.com\/product\/yoast-seo-wordpress\/ -->\n<title>pot \u00e0 lacto-fermentation -<\/title>\n<meta name=\"robots\" content=\"index, follow, max-snippet:-1, max-image-preview:large, max-video-preview:-1\" \/>\n<link rel=\"canonical\" href=\"https:\/\/charlinerobache.com\/index.php\/produit\/pot-a-lacto-fermentation\/\" \/>\n<meta property=\"og:locale\" content=\"fr_FR\" \/>\n<meta property=\"og:type\" content=\"article\" \/>\n<meta property=\"og:title\" content=\"pot \u00e0 lacto-fermentation -\" \/>\n<meta property=\"og:description\" content=\"pot \u00e0 lacto-fermentation avec joint d\u2019eau en gr\u00e8s de St Amand, \u00e9mail rose et bleu \u00e0 l\u2019ext\u00e9rieur, couverte transparente \u00e0 l\u2019int\u00e9rieur.  vendu avec des poids\/galets en terre (deux demies sph\u00e8res).  mesures approximatives: hauteur 18cm, diam\u00e8tre 15cm, capacit\u00e9 1,8L. (ces mesures peuvent varier l\u00e9g\u00e8rement d\u2019une pi\u00e8ce \u00e0 l\u2019autre).\" \/>\n<meta property=\"og:url\" content=\"https:\/\/charlinerobache.com\/index.php\/produit\/pot-a-lacto-fermentation\/\" \/>\n<meta property=\"article:publisher\" content=\"https:\/\/www.facebook.com\/Charline-Robache-101303847982910\/\" \/>\n<meta property=\"article:modified_time\" content=\"2026-03-17T11:18:29+00:00\" \/>\n<meta property=\"og:image\" content=\"https:\/\/charlinerobache.com\/wp-content\/uploads\/2025\/03\/0EFCA975-BB62-4DF9-BC0C-DC0DFD4FEFAE_1_201_a-scaled.jpeg\" \/>\n\t<meta property=\"og:image:width\" content=\"2048\" \/>\n\t<meta property=\"og:image:height\" content=\"2560\" \/>\n\t<meta property=\"og:image:type\" content=\"image\/jpeg\" \/>\n<meta name=\"twitter:card\" content=\"summary_large_image\" \/>\n<meta name=\"twitter:label1\" content=\"Dur\u00e9e de lecture estim\u00e9e\" \/>\n\t<meta name=\"twitter:data1\" content=\"1 minute\" \/>\n<script type=\"application\/ld+json\" class=\"yoast-schema-graph\">{\"@context\":\"https:\\\/\\\/schema.org\",\"@graph\":[{\"@type\":\"WebPage\",\"@id\":\"https:\\\/\\\/charlinerobache.com\\\/index.php\\\/produit\\\/pot-a-lacto-fermentation\\\/\",\"url\":\"https:\\\/\\\/charlinerobache.com\\\/index.php\\\/produit\\\/pot-a-lacto-fermentation\\\/\",\"name\":\"pot \u00e0 lacto-fermentation -\",\"isPartOf\":{\"@id\":\"https:\\\/\\\/charlinerobache.com\\\/#website\"},\"primaryImageOfPage\":{\"@id\":\"https:\\\/\\\/charlinerobache.com\\\/index.php\\\/produit\\\/pot-a-lacto-fermentation\\\/#primaryimage\"},\"image\":{\"@id\":\"https:\\\/\\\/charlinerobache.com\\\/index.php\\\/produit\\\/pot-a-lacto-fermentation\\\/#primaryimage\"},\"thumbnailUrl\":\"https:\\\/\\\/charlinerobache.com\\\/wp-content\\\/uploads\\\/2025\\\/03\\\/0EFCA975-BB62-4DF9-BC0C-DC0DFD4FEFAE_1_201_a-scaled.jpeg\",\"datePublished\":\"2022-10-24T05:26:49+00:00\",\"dateModified\":\"2026-03-17T11:18:29+00:00\",\"breadcrumb\":{\"@id\":\"https:\\\/\\\/charlinerobache.com\\\/index.php\\\/produit\\\/pot-a-lacto-fermentation\\\/#breadcrumb\"},\"inLanguage\":\"fr-FR\",\"potentialAction\":[{\"@type\":\"ReadAction\",\"target\":[\"https:\\\/\\\/charlinerobache.com\\\/index.php\\\/produit\\\/pot-a-lacto-fermentation\\\/\"]}]},{\"@type\":\"ImageObject\",\"inLanguage\":\"fr-FR\",\"@id\":\"https:\\\/\\\/charlinerobache.com\\\/index.php\\\/produit\\\/pot-a-lacto-fermentation\\\/#primaryimage\",\"url\":\"https:\\\/\\\/charlinerobache.com\\\/wp-content\\\/uploads\\\/2025\\\/03\\\/0EFCA975-BB62-4DF9-BC0C-DC0DFD4FEFAE_1_201_a-scaled.jpeg\",\"contentUrl\":\"https:\\\/\\\/charlinerobache.com\\\/wp-content\\\/uploads\\\/2025\\\/03\\\/0EFCA975-BB62-4DF9-BC0C-DC0DFD4FEFAE_1_201_a-scaled.jpeg\",\"width\":2048,\"height\":2560},{\"@type\":\"BreadcrumbList\",\"@id\":\"https:\\\/\\\/charlinerobache.com\\\/index.php\\\/produit\\\/pot-a-lacto-fermentation\\\/#breadcrumb\",\"itemListElement\":[{\"@type\":\"ListItem\",\"position\":1,\"name\":\"Accueil\",\"item\":\"https:\\\/\\\/charlinerobache.com\\\/\"},{\"@type\":\"ListItem\",\"position\":2,\"name\":\"Boutique\",\"item\":\"https:\\\/\\\/charlinerobache.com\\\/index.php\\\/boutique\\\/\"},{\"@type\":\"ListItem\",\"position\":3,\"name\":\"pot \u00e0 lacto-fermentation\"}]},{\"@type\":\"WebSite\",\"@id\":\"https:\\\/\\\/charlinerobache.com\\\/#website\",\"url\":\"https:\\\/\\\/charlinerobache.com\\\/\",\"name\":\"\",\"description\":\"\",\"potentialAction\":[{\"@type\":\"SearchAction\",\"target\":{\"@type\":\"EntryPoint\",\"urlTemplate\":\"https:\\\/\\\/charlinerobache.com\\\/?s={search_term_string}\"},\"query-input\":{\"@type\":\"PropertyValueSpecification\",\"valueRequired\":true,\"valueName\":\"search_term_string\"}}],\"inLanguage\":\"fr-FR\"}]}<\/script>\n<!-- \/ Yoast SEO plugin. -->","yoast_head_json":{"title":"pot \u00e0 lacto-fermentation -","robots":{"index":"index","follow":"follow","max-snippet":"max-snippet:-1","max-image-preview":"max-image-preview:large","max-video-preview":"max-video-preview:-1"},"canonical":"https:\/\/charlinerobache.com\/index.php\/produit\/pot-a-lacto-fermentation\/","og_locale":"fr_FR","og_type":"article","og_title":"pot \u00e0 lacto-fermentation -","og_description":"pot \u00e0 lacto-fermentation avec joint d\u2019eau en gr\u00e8s de St Amand, \u00e9mail rose et bleu \u00e0 l\u2019ext\u00e9rieur, couverte transparente \u00e0 l\u2019int\u00e9rieur.  vendu avec des poids\/galets en terre (deux demies sph\u00e8res).  mesures approximatives: hauteur 18cm, diam\u00e8tre 15cm, capacit\u00e9 1,8L. (ces mesures peuvent varier l\u00e9g\u00e8rement d\u2019une pi\u00e8ce \u00e0 l\u2019autre).","og_url":"https:\/\/charlinerobache.com\/index.php\/produit\/pot-a-lacto-fermentation\/","article_publisher":"https:\/\/www.facebook.com\/Charline-Robache-101303847982910\/","article_modified_time":"2026-03-17T11:18:29+00:00","og_image":[{"width":2048,"height":2560,"url":"https:\/\/charlinerobache.com\/wp-content\/uploads\/2025\/03\/0EFCA975-BB62-4DF9-BC0C-DC0DFD4FEFAE_1_201_a-scaled.jpeg","type":"image\/jpeg"}],"twitter_card":"summary_large_image","twitter_misc":{"Dur\u00e9e de lecture estim\u00e9e":"1 minute"},"schema":{"@context":"https:\/\/schema.org","@graph":[{"@type":"WebPage","@id":"https:\/\/charlinerobache.com\/index.php\/produit\/pot-a-lacto-fermentation\/","url":"https:\/\/charlinerobache.com\/index.php\/produit\/pot-a-lacto-fermentation\/","name":"pot \u00e0 lacto-fermentation -","isPartOf":{"@id":"https:\/\/charlinerobache.com\/#website"},"primaryImageOfPage":{"@id":"https:\/\/charlinerobache.com\/index.php\/produit\/pot-a-lacto-fermentation\/#primaryimage"},"image":{"@id":"https:\/\/charlinerobache.com\/index.php\/produit\/pot-a-lacto-fermentation\/#primaryimage"},"thumbnailUrl":"https:\/\/charlinerobache.com\/wp-content\/uploads\/2025\/03\/0EFCA975-BB62-4DF9-BC0C-DC0DFD4FEFAE_1_201_a-scaled.jpeg","datePublished":"2022-10-24T05:26:49+00:00","dateModified":"2026-03-17T11:18:29+00:00","breadcrumb":{"@id":"https:\/\/charlinerobache.com\/index.php\/produit\/pot-a-lacto-fermentation\/#breadcrumb"},"inLanguage":"fr-FR","potentialAction":[{"@type":"ReadAction","target":["https:\/\/charlinerobache.com\/index.php\/produit\/pot-a-lacto-fermentation\/"]}]},{"@type":"ImageObject","inLanguage":"fr-FR","@id":"https:\/\/charlinerobache.com\/index.php\/produit\/pot-a-lacto-fermentation\/#primaryimage","url":"https:\/\/charlinerobache.com\/wp-content\/uploads\/2025\/03\/0EFCA975-BB62-4DF9-BC0C-DC0DFD4FEFAE_1_201_a-scaled.jpeg","contentUrl":"https:\/\/charlinerobache.com\/wp-content\/uploads\/2025\/03\/0EFCA975-BB62-4DF9-BC0C-DC0DFD4FEFAE_1_201_a-scaled.jpeg","width":2048,"height":2560},{"@type":"BreadcrumbList","@id":"https:\/\/charlinerobache.com\/index.php\/produit\/pot-a-lacto-fermentation\/#breadcrumb","itemListElement":[{"@type":"ListItem","position":1,"name":"Accueil","item":"https:\/\/charlinerobache.com\/"},{"@type":"ListItem","position":2,"name":"Boutique","item":"https:\/\/charlinerobache.com\/index.php\/boutique\/"},{"@type":"ListItem","position":3,"name":"pot \u00e0 lacto-fermentation"}]},{"@type":"WebSite","@id":"https:\/\/charlinerobache.com\/#website","url":"https:\/\/charlinerobache.com\/","name":"","description":"","potentialAction":[{"@type":"SearchAction","target":{"@type":"EntryPoint","urlTemplate":"https:\/\/charlinerobache.com\/?s={search_term_string}"},"query-input":{"@type":"PropertyValueSpecification","valueRequired":true,"valueName":"search_term_string"}}],"inLanguage":"fr-FR"}]}},"jetpack_sharing_enabled":true,"_links":{"self":[{"href":"https:\/\/charlinerobache.com\/index.php\/wp-json\/wp\/v2\/product\/5705","targetHints":{"allow":["GET"]}}],"collection":[{"href":"https:\/\/charlinerobache.com\/index.php\/wp-json\/wp\/v2\/product"}],"about":[{"href":"https:\/\/charlinerobache.com\/index.php\/wp-json\/wp\/v2\/types\/product"}],"version-history":[{"count":6,"href":"https:\/\/charlinerobache.com\/index.php\/wp-json\/wp\/v2\/product\/5705\/revisions"}],"predecessor-version":[{"id":7723,"href":"https:\/\/charlinerobache.com\/index.php\/wp-json\/wp\/v2\/product\/5705\/revisions\/7723"}],"wp:featuredmedia":[{"embeddable":true,"href":"https:\/\/charlinerobache.com\/index.php\/wp-json\/wp\/v2\/media\/7719"}],"wp:attachment":[{"href":"https:\/\/charlinerobache.com\/index.php\/wp-json\/wp\/v2\/media?parent=5705"}],"wp:term":[{"taxonomy":"product_brand","embeddable":true,"href":"https:\/\/charlinerobache.com\/index.php\/wp-json\/wp\/v2\/product_brand?post=5705"},{"taxonomy":"product_cat","embeddable":true,"href":"https:\/\/charlinerobache.com\/index.php\/wp-json\/wp\/v2\/product_cat?post=5705"},{"taxonomy":"product_tag","embeddable":true,"href":"https:\/\/charlinerobache.com\/index.php\/wp-json\/wp\/v2\/product_tag?post=5705"}],"curies":[{"name":"wp","href":"https:\/\/api.w.org\/{rel}","templated":true}]}}