{"id":41,"date":"2019-12-05T11:13:27","date_gmt":"2019-12-05T10:13:27","guid":{"rendered":"http:\/\/afyhyfx.cluster028.hosting.ovh.net\/?page_id=41"},"modified":"2026-04-27T20:58:36","modified_gmt":"2026-04-27T18:58:36","slug":"accueil","status":"publish","type":"page","link":"https:\/\/charlinerobache.com\/","title":{"rendered":""},"content":{"rendered":"\t\t<div data-elementor-type=\"wp-page\" data-elementor-id=\"41\" class=\"elementor elementor-41\">\n\t\t\t\t\t\t<section class=\"elementor-section elementor-top-section elementor-element elementor-element-cce2825 elementor-section-boxed elementor-section-height-default elementor-section-height-default\" data-id=\"cce2825\" data-element_type=\"section\" data-e-type=\"section\">\n\t\t\t\t\t\t<div class=\"elementor-container elementor-column-gap-default\">\n\t\t\t\t\t<div class=\"elementor-column elementor-col-100 elementor-top-column elementor-element elementor-element-5870b19\" data-id=\"5870b19\" data-element_type=\"column\" data-e-type=\"column\">\n\t\t\t<div class=\"elementor-widget-wrap elementor-element-populated\">\n\t\t\t\t\t\t<div class=\"elementor-element elementor-element-79ae457 elementor-widget elementor-widget-image\" data-id=\"79ae457\" data-element_type=\"widget\" data-e-type=\"widget\" data-widget_type=\"image.default\">\n\t\t\t\t<div class=\"elementor-widget-container\">\n\t\t\t\t\t\t\t\t\t\t\t\t\t\t\t<img fetchpriority=\"high\" decoding=\"async\" width=\"644\" height=\"805\" src=\"https:\/\/charlinerobache.com\/wp-content\/uploads\/2026\/04\/2-2-768x960.png\" class=\"attachment-medium_large size-medium_large wp-image-7774\" alt=\"\" srcset=\"https:\/\/charlinerobache.com\/wp-content\/uploads\/2026\/04\/2-2-768x960.png 768w, https:\/\/charlinerobache.com\/wp-content\/uploads\/2026\/04\/2-2-240x300.png 240w, https:\/\/charlinerobache.com\/wp-content\/uploads\/2026\/04\/2-2-819x1024.png 819w, https:\/\/charlinerobache.com\/wp-content\/uploads\/2026\/04\/2-2-250x313.png 250w, https:\/\/charlinerobache.com\/wp-content\/uploads\/2026\/04\/2-2-350x438.png 350w, https:\/\/charlinerobache.com\/wp-content\/uploads\/2026\/04\/2-2.png 1080w\" sizes=\"100vw\" \/>\t\t\t\t\t\t\t\t\t\t\t\t\t\t\t<\/div>\n\t\t\t\t<\/div>\n\t\t\t\t\t<\/div>\n\t\t<\/div>\n\t\t\t\t\t<\/div>\n\t\t<\/section>\n\t\t\t\t<section class=\"elementor-section elementor-top-section elementor-element elementor-element-ff50389 elementor-section-boxed elementor-section-height-default elementor-section-height-default\" data-id=\"ff50389\" data-element_type=\"section\" data-e-type=\"section\">\n\t\t\t\t\t\t<div class=\"elementor-container elementor-column-gap-default\">\n\t\t\t\t\t<div class=\"elementor-column elementor-col-100 elementor-top-column elementor-element elementor-element-81ceed3\" data-id=\"81ceed3\" data-element_type=\"column\" data-e-type=\"column\">\n\t\t\t<div class=\"elementor-widget-wrap elementor-element-populated\">\n\t\t\t\t\t\t<div class=\"elementor-element elementor-element-92f271f elementor-shape-circle elementor-grid-0 e-grid-align-center elementor-widget elementor-widget-social-icons\" data-id=\"92f271f\" data-element_type=\"widget\" data-e-type=\"widget\" data-widget_type=\"social-icons.default\">\n\t\t\t\t<div class=\"elementor-widget-container\">\n\t\t\t\t\t\t\t<div class=\"elementor-social-icons-wrapper elementor-grid\">\n\t\t\t\t\t\t\t<span class=\"elementor-grid-item\">\n\t\t\t\t\t<a class=\"elementor-icon elementor-social-icon elementor-social-icon-instagram elementor-repeater-item-620968a\" href=\"https:\/\/www.instagram.com\/charlinerobache\/\" target=\"_blank\">\n\t\t\t\t\t\t<span class=\"elementor-screen-only\">Instagram<\/span>\n\t\t\t\t\t\t<i aria-hidden=\"true\" class=\"fab fa-instagram\"><\/i>\t\t\t\t\t<\/a>\n\t\t\t\t<\/span>\n\t\t\t\t\t<\/div>\n\t\t\t\t\t\t<\/div>\n\t\t\t\t<\/div>\n\t\t\t\t\t<\/div>\n\t\t<\/div>\n\t\t\t\t\t<\/div>\n\t\t<\/section>\n\t\t\t\t<section class=\"elementor-section elementor-top-section elementor-element elementor-element-ebf9ed8 elementor-section-boxed elementor-section-height-default elementor-section-height-default\" data-id=\"ebf9ed8\" data-element_type=\"section\" data-e-type=\"section\">\n\t\t\t\t\t\t<div class=\"elementor-container elementor-column-gap-default\">\n\t\t\t\t\t<div class=\"elementor-column elementor-col-100 elementor-top-column elementor-element elementor-element-8516ce3\" data-id=\"8516ce3\" data-element_type=\"column\" data-e-type=\"column\">\n\t\t\t<div class=\"elementor-widget-wrap\">\n\t\t\t\t\t\t\t<\/div>\n\t\t<\/div>\n\t\t\t\t\t<\/div>\n\t\t<\/section>\n\t\t\t\t<\/div>\n\t\t","protected":false},"excerpt":{"rendered":"<p>Instagram<\/p>\n","protected":false},"author":1,"featured_media":0,"parent":0,"menu_order":0,"comment_status":"closed","ping_status":"closed","template":"","meta":{"_monsterinsights_skip_tracking":false,"_monsterinsights_sitenote_active":false,"_monsterinsights_sitenote_note":"","_monsterinsights_sitenote_category":0,"footnotes":""},"class_list":["post-41","page","type-page","status-publish","hentry"],"yoast_head":"<!-- This site is optimized with the Yoast SEO plugin v27.5 - https:\/\/yoast.com\/product\/yoast-seo-wordpress\/ -->\n<title>Charline Robache c\u00e9ramiques artisanales fabriqu\u00e9es en Dr\u00f4me.<\/title>\n<meta name=\"description\" content=\"Charline Robache, boutique en ligne d&#039;objets du quotidien pour la cuisine et la d\u00e9coration en gr\u00e8s \u00e9maill\u00e9 fabriqu\u00e9s en Dr\u00f4me.\" \/>\n<meta name=\"robots\" content=\"index, follow, max-snippet:-1, max-image-preview:large, max-video-preview:-1\" \/>\n<link rel=\"canonical\" href=\"https:\/\/charlinerobache.com\/\" \/>\n<meta property=\"og:locale\" content=\"fr_FR\" \/>\n<meta property=\"og:type\" content=\"article\" \/>\n<meta property=\"og:title\" content=\"Charline Robache c\u00e9ramiques artisanales fabriqu\u00e9es en Dr\u00f4me.\" \/>\n<meta property=\"og:description\" content=\"Charline Robache, boutique en ligne d&#039;objets du quotidien pour la cuisine et la d\u00e9coration en gr\u00e8s \u00e9maill\u00e9 fabriqu\u00e9s en Dr\u00f4me.\" \/>\n<meta property=\"og:url\" content=\"https:\/\/charlinerobache.com\/\" \/>\n<meta property=\"article:publisher\" content=\"https:\/\/www.facebook.com\/Charline-Robache-101303847982910\/\" \/>\n<meta property=\"article:modified_time\" content=\"2026-04-27T18:58:36+00:00\" \/>\n<meta property=\"og:image\" content=\"https:\/\/charlinerobache.com\/wp-content\/uploads\/2026\/04\/2-2-768x960.png\" \/>\n<meta name=\"twitter:card\" content=\"summary_large_image\" \/>\n<meta name=\"twitter:label1\" content=\"Dur\u00e9e de lecture estim\u00e9e\" \/>\n\t<meta name=\"twitter:data1\" content=\"1 minute\" \/>\n<script type=\"application\/ld+json\" class=\"yoast-schema-graph\">{\"@context\":\"https:\\\/\\\/schema.org\",\"@graph\":[{\"@type\":\"WebPage\",\"@id\":\"https:\\\/\\\/charlinerobache.com\\\/\",\"url\":\"https:\\\/\\\/charlinerobache.com\\\/\",\"name\":\"Charline Robache c\u00e9ramiques artisanales fabriqu\u00e9es en Dr\u00f4me.\",\"isPartOf\":{\"@id\":\"https:\\\/\\\/charlinerobache.com\\\/#website\"},\"primaryImageOfPage\":{\"@id\":\"https:\\\/\\\/charlinerobache.com\\\/#primaryimage\"},\"image\":{\"@id\":\"https:\\\/\\\/charlinerobache.com\\\/#primaryimage\"},\"thumbnailUrl\":\"https:\\\/\\\/charlinerobache.com\\\/wp-content\\\/uploads\\\/2026\\\/04\\\/2-2-768x960.png\",\"datePublished\":\"2019-12-05T10:13:27+00:00\",\"dateModified\":\"2026-04-27T18:58:36+00:00\",\"description\":\"Charline Robache, boutique en ligne d'objets du quotidien pour la cuisine et la d\u00e9coration en gr\u00e8s \u00e9maill\u00e9 fabriqu\u00e9s en Dr\u00f4me.\",\"inLanguage\":\"fr-FR\",\"potentialAction\":[{\"@type\":\"ReadAction\",\"target\":[\"https:\\\/\\\/charlinerobache.com\\\/\"]}]},{\"@type\":\"ImageObject\",\"inLanguage\":\"fr-FR\",\"@id\":\"https:\\\/\\\/charlinerobache.com\\\/#primaryimage\",\"url\":\"https:\\\/\\\/charlinerobache.com\\\/wp-content\\\/uploads\\\/2026\\\/04\\\/2-2.png\",\"contentUrl\":\"https:\\\/\\\/charlinerobache.com\\\/wp-content\\\/uploads\\\/2026\\\/04\\\/2-2.png\",\"width\":1080,\"height\":1350},{\"@type\":\"WebSite\",\"@id\":\"https:\\\/\\\/charlinerobache.com\\\/#website\",\"url\":\"https:\\\/\\\/charlinerobache.com\\\/\",\"name\":\"\",\"description\":\"\",\"potentialAction\":[{\"@type\":\"SearchAction\",\"target\":{\"@type\":\"EntryPoint\",\"urlTemplate\":\"https:\\\/\\\/charlinerobache.com\\\/?s={search_term_string}\"},\"query-input\":{\"@type\":\"PropertyValueSpecification\",\"valueRequired\":true,\"valueName\":\"search_term_string\"}}],\"inLanguage\":\"fr-FR\"}]}<\/script>\n<!-- \/ Yoast SEO plugin. -->","yoast_head_json":{"title":"Charline Robache c\u00e9ramiques artisanales fabriqu\u00e9es en Dr\u00f4me.","description":"Charline Robache, boutique en ligne d'objets du quotidien pour la cuisine et la d\u00e9coration en gr\u00e8s \u00e9maill\u00e9 fabriqu\u00e9s en Dr\u00f4me.","robots":{"index":"index","follow":"follow","max-snippet":"max-snippet:-1","max-image-preview":"max-image-preview:large","max-video-preview":"max-video-preview:-1"},"canonical":"https:\/\/charlinerobache.com\/","og_locale":"fr_FR","og_type":"article","og_title":"Charline Robache c\u00e9ramiques artisanales fabriqu\u00e9es en Dr\u00f4me.","og_description":"Charline Robache, boutique en ligne d'objets du quotidien pour la cuisine et la d\u00e9coration en gr\u00e8s \u00e9maill\u00e9 fabriqu\u00e9s en Dr\u00f4me.","og_url":"https:\/\/charlinerobache.com\/","article_publisher":"https:\/\/www.facebook.com\/Charline-Robache-101303847982910\/","article_modified_time":"2026-04-27T18:58:36+00:00","og_image":[{"url":"https:\/\/charlinerobache.com\/wp-content\/uploads\/2026\/04\/2-2-768x960.png","type":"","width":"","height":""}],"twitter_card":"summary_large_image","twitter_misc":{"Dur\u00e9e de lecture estim\u00e9e":"1 minute"},"schema":{"@context":"https:\/\/schema.org","@graph":[{"@type":"WebPage","@id":"https:\/\/charlinerobache.com\/","url":"https:\/\/charlinerobache.com\/","name":"Charline Robache c\u00e9ramiques artisanales fabriqu\u00e9es en Dr\u00f4me.","isPartOf":{"@id":"https:\/\/charlinerobache.com\/#website"},"primaryImageOfPage":{"@id":"https:\/\/charlinerobache.com\/#primaryimage"},"image":{"@id":"https:\/\/charlinerobache.com\/#primaryimage"},"thumbnailUrl":"https:\/\/charlinerobache.com\/wp-content\/uploads\/2026\/04\/2-2-768x960.png","datePublished":"2019-12-05T10:13:27+00:00","dateModified":"2026-04-27T18:58:36+00:00","description":"Charline Robache, boutique en ligne d'objets du quotidien pour la cuisine et la d\u00e9coration en gr\u00e8s \u00e9maill\u00e9 fabriqu\u00e9s en Dr\u00f4me.","inLanguage":"fr-FR","potentialAction":[{"@type":"ReadAction","target":["https:\/\/charlinerobache.com\/"]}]},{"@type":"ImageObject","inLanguage":"fr-FR","@id":"https:\/\/charlinerobache.com\/#primaryimage","url":"https:\/\/charlinerobache.com\/wp-content\/uploads\/2026\/04\/2-2.png","contentUrl":"https:\/\/charlinerobache.com\/wp-content\/uploads\/2026\/04\/2-2.png","width":1080,"height":1350},{"@type":"WebSite","@id":"https:\/\/charlinerobache.com\/#website","url":"https:\/\/charlinerobache.com\/","name":"","description":"","potentialAction":[{"@type":"SearchAction","target":{"@type":"EntryPoint","urlTemplate":"https:\/\/charlinerobache.com\/?s={search_term_string}"},"query-input":{"@type":"PropertyValueSpecification","valueRequired":true,"valueName":"search_term_string"}}],"inLanguage":"fr-FR"}]}},"jetpack_sharing_enabled":true,"_links":{"self":[{"href":"https:\/\/charlinerobache.com\/index.php\/wp-json\/wp\/v2\/pages\/41","targetHints":{"allow":["GET"]}}],"collection":[{"href":"https:\/\/charlinerobache.com\/index.php\/wp-json\/wp\/v2\/pages"}],"about":[{"href":"https:\/\/charlinerobache.com\/index.php\/wp-json\/wp\/v2\/types\/page"}],"author":[{"embeddable":true,"href":"https:\/\/charlinerobache.com\/index.php\/wp-json\/wp\/v2\/users\/1"}],"replies":[{"embeddable":true,"href":"https:\/\/charlinerobache.com\/index.php\/wp-json\/wp\/v2\/comments?post=41"}],"version-history":[{"count":140,"href":"https:\/\/charlinerobache.com\/index.php\/wp-json\/wp\/v2\/pages\/41\/revisions"}],"predecessor-version":[{"id":7780,"href":"https:\/\/charlinerobache.com\/index.php\/wp-json\/wp\/v2\/pages\/41\/revisions\/7780"}],"wp:attachment":[{"href":"https:\/\/charlinerobache.com\/index.php\/wp-json\/wp\/v2\/media?parent=41"}],"curies":[{"name":"wp","href":"https:\/\/api.w.org\/{rel}","templated":true}]}}